{"id":719,"date":"2020-11-10T17:18:11","date_gmt":"2020-11-10T17:18:11","guid":{"rendered":"https:\/\/tennisclub-kehl.de\/?page_id=719"},"modified":"2024-04-08T20:37:13","modified_gmt":"2024-04-08T18:37:13","slug":"training","status":"publish","type":"page","link":"https:\/\/tennisclub-kehl.de\/?page_id=719","title":{"rendered":"Training"},"content":{"rendered":"<div data-colibri-id=\"719-c1\" class=\"style-1478 style-local-719-c1 position-relative\">\n  <!---->\n  <div data-colibri-component=\"section\" data-colibri-id=\"719-c2\" id=\"about\" class=\"h-section h-section-global-spacing d-flex align-items-lg-center align-items-md-center align-items-center style-1479 style-local-719-c2 position-relative\">\n    <!---->\n    <!---->\n    <div class=\"h-section-grid-container h-section-boxed-container\">\n      <!---->\n      <div data-colibri-id=\"719-c3\" class=\"h-row-container gutters-row-lg-0 gutters-row-md-0 gutters-row-0 gutters-row-v-lg-0 gutters-row-v-md-0 gutters-row-v-0 style-1480 style-local-719-c3 position-relative\">\n        <!---->\n        <div class=\"h-row justify-content-lg-center justify-content-md-center justify-content-center align-items-lg-stretch align-items-md-stretch align-items-stretch gutters-col-lg-0 gutters-col-md-0 gutters-col-0 gutters-col-v-lg-0 gutters-col-v-md-0 gutters-col-v-0\">\n          <!---->\n          <div class=\"h-column h-column-container d-flex h-col-lg-auto h-col-md-auto h-col-auto style-1481-outer style-local-719-c4-outer\">\n            <div data-colibri-id=\"719-c4\" class=\"d-flex h-flex-basis h-column__inner h-px-lg-2 h-px-md-2 h-px-2 v-inner-lg-2 v-inner-md-2 v-inner-2 style-1481 style-local-719-c4 position-relative\">\n              <!---->\n              <!---->\n              <div class=\"w-100 h-y-container h-column__content h-column__v-align flex-basis-100 align-self-lg-start align-self-md-start align-self-start\">\n                <!---->\n                <div data-colibri-id=\"719-c5\" class=\"h-global-transition-all h-heading style-1482 style-local-719-c5 position-relative h-element\">\n                  <!---->\n                  <div class=\"h-heading__outer style-1482 style-local-719-c5\">\n                    <!---->\n                    <!---->\n                    <h1 class=\"\">Training in unserem Club<\/h1>\n                  <\/div>\n                <\/div>\n              <\/div>\n            <\/div>\n          <\/div>\n        <\/div>\n      <\/div>\n      <div data-colibri-id=\"719-c6\" class=\"h-row-container gutters-row-lg-0 gutters-row-md-0 gutters-row-0 gutters-row-v-lg-0 gutters-row-v-md-0 gutters-row-v-0 style-1483 style-local-719-c6 position-relative\">\n        <!---->\n        <div class=\"h-row justify-content-lg-center justify-content-md-center justify-content-center align-items-lg-stretch align-items-md-stretch align-items-stretch gutters-col-lg-0 gutters-col-md-0 gutters-col-0 gutters-col-v-lg-0 gutters-col-v-md-0 gutters-col-v-0\">\n          <!---->\n          <div class=\"h-column h-column-container d-flex h-col-lg-auto h-col-md-auto h-col-auto style-1484-outer style-local-719-c7-outer\">\n            <div data-colibri-id=\"719-c7\" class=\"d-flex h-flex-basis h-column__inner h-px-lg-0 h-px-md-0 h-px-0 v-inner-lg-0 v-inner-md-0 v-inner-0 style-1484 style-local-719-c7 position-relative\">\n              <!---->\n              <!---->\n              <div class=\"w-100 h-y-container h-column__content h-column__v-align flex-basis-100 align-self-lg-start align-self-md-start align-self-start\">\n                <!---->\n                <div data-colibri-id=\"719-c8\" class=\"h-global-transition-all h-heading style-1485 style-local-719-c8 position-relative h-element\">\n                  <!---->\n                  <div class=\"h-heading__outer style-1485 style-local-719-c8\">\n                    <!---->\n                    <!---->\n                    <h5 class=\"\">Tennisschule Goran Gerdijan<\/h5>\n                  <\/div>\n                <\/div>\n                <div data-colibri-id=\"719-c9\" class=\"h-global-transition-all h-heading style-1486 style-local-719-c9 position-relative h-element\">\n                  <!---->\n                  <div class=\"h-heading__outer style-1486 style-local-719-c9\">\n                    <!---->\n                    <!---->\n                    <h2 class=\"\">Training beim\n                      <br>TC SW Kehl e.V.<\/h2>\n                  <\/div>\n                <\/div>\n                <div data-colibri-id=\"719-c10\" class=\"h-text h-text-component style-1487 style-local-719-c10 position-relative h-element\">\n                  <!---->\n                  <!---->\n                  <div class=\"\">\n                    <p>Unseren Mitgliedern steht mit der Tennisschule Goran Gerdijan eine gro\u00dfe Bandbreite an Trainingsgelegenheiten mit langj\u00e4hriger Erfahrung zur Verf\u00fcgung.&nbsp;<\/p>\n                    <p>Einzeltraining, Gruppentraining oder auch im Rahmen unserer beliebten Tenniscamps. Au\u00dferdem bieten wir Schnuppertrainings an.&nbsp;<\/p>\n                    <p>F\u00fcr unsere Talente im Jugendbereich bestehen zudem attraktive F\u00f6rderm\u00f6glichkeiten.<\/p>\n                    <p>Sie erreichen die Tennisschule unter:\n                      <br>\n                    <\/p>\n                  <\/div>\n                <\/div>\n                <div data-colibri-id=\"719-c11\" class=\"h-row-container gutters-row-lg-0 gutters-row-md-0 gutters-row-0 gutters-row-v-lg-0 gutters-row-v-md-0 gutters-row-v-0 style-1637 style-local-719-c11 position-relative\">\n                  <!---->\n                  <div class=\"h-row justify-content-lg-center justify-content-md-center justify-content-center align-items-lg-stretch align-items-md-stretch align-items-stretch gutters-col-lg-0 gutters-col-md-0 gutters-col-0 gutters-col-v-lg-0 gutters-col-v-md-0 gutters-col-v-0\">\n                    <!---->\n                    <div class=\"h-column h-column-container d-flex h-col-lg-auto h-col-md-auto h-col-auto style-1638-outer style-local-719-c12-outer\">\n                      <div data-colibri-id=\"719-c12\" class=\"d-flex h-flex-basis h-column__inner h-px-lg-0 h-px-md-0 h-px-0 v-inner-lg-0 v-inner-md-0 v-inner-0 style-1638 style-local-719-c12 position-relative\">\n                        <!---->\n                        <!---->\n                        <div class=\"w-100 h-y-container h-column__content h-column__v-align flex-basis-100 align-self-lg-start align-self-md-start align-self-start\">\n                          <!---->\n                          <div data-colibri-id=\"719-c13\" class=\"h-icon style-1648 style-local-719-c13 position-relative h-element\">\n                            <!---->\n                            <a href=\"https:\/\/tennisschule-gerdijan.de\/\" target=\"_blank\" h-use-smooth-scroll=\"true\" rel=\"noopener\"><span class=\"h-svg-icon h-icon__icon style-1648-icon style-local-719-c13-icon\"><!--Icon by Font Awesome (https:\/\/fontawesome.com)-->\n    <svg version=\"1.1\" xmlns=\"http:\/\/www.w3.org\/2000\/svg\" xmlns:xlink=\"http:\/\/www.w3.org\/1999\/xlink\" id=\"external-link-square\" viewBox=\"0 0 1536 1896.0833\">\n      <path d=\"M1280 928V448q0-26-19-45t-45-19H736q-42 0-59 39-17 41 14 70l144 144-534 534q-19 19-19 45t19 45l102 102q19 19 45 19t45-19l534-534 144 144q18 19 45 19 12 0 25-5 39-17 39-59zm256-512v960q0 119-84.5 203.5T1248 1664H288q-119 0-203.5-84.5T0 1376V416q0-119 84.5-203.5T288 128h960q119 0 203.5 84.5T1536 416z\"><\/path>\n    <\/svg><\/span><\/a>\n                          <\/div>\n                        <\/div>\n                      <\/div>\n                    <\/div>\n                    <div class=\"h-column h-column-container d-flex h-col-lg-auto h-col-md-auto h-col-auto style-1639-outer style-local-719-c14-outer\">\n                      <div data-colibri-id=\"719-c14\" class=\"d-flex h-flex-basis h-column__inner h-px-lg-0 h-px-md-0 h-px-0 v-inner-lg-0 v-inner-md-0 v-inner-0 style-1639 style-local-719-c14 position-relative\">\n                        <!---->\n                        <!---->\n                        <div class=\"w-100 h-y-container h-column__content h-column__v-align flex-basis-100 align-self-lg-center align-self-md-center align-self-center\">\n                          <!---->\n                          <div data-colibri-id=\"719-c15\" class=\"h-text h-text-component style-1643 style-local-719-c15 position-relative h-element\">\n                            <!---->\n                            <!---->\n                            <div class=\"\">\n                              <p>www.tennisschule-gerdijan.de<\/p>\n                            <\/div>\n                          <\/div>\n                        <\/div>\n                      <\/div>\n                    <\/div>\n                  <\/div>\n                <\/div>\n                <div data-colibri-id=\"719-c16\" class=\"h-row-container gutters-row-lg-0 gutters-row-md-0 gutters-row-0 gutters-row-v-lg-0 gutters-row-v-md-0 gutters-row-v-0 style-1640 style-local-719-c16 position-relative\">\n                  <!---->\n                  <div class=\"h-row justify-content-lg-center justify-content-md-center justify-content-center align-items-lg-stretch align-items-md-stretch align-items-stretch gutters-col-lg-0 gutters-col-md-0 gutters-col-0 gutters-col-v-lg-0 gutters-col-v-md-0 gutters-col-v-0\">\n                    <!---->\n                    <div class=\"h-column h-column-container d-flex h-col-lg-auto h-col-md-auto h-col-auto style-1641-outer style-local-719-c17-outer\">\n                      <div data-colibri-id=\"719-c17\" class=\"d-flex h-flex-basis h-column__inner h-px-lg-0 h-px-md-0 h-px-0 v-inner-lg-0 v-inner-md-0 v-inner-0 style-1641 style-local-719-c17 position-relative\">\n                        <!---->\n                        <!---->\n                        <div class=\"w-100 h-y-container h-column__content h-column__v-align flex-basis-100 align-self-lg-start align-self-md-start align-self-start\">\n                          <!---->\n                          <div data-colibri-id=\"719-c18\" class=\"h-icon style-1646 style-local-719-c18 position-relative h-element\">\n                            <!----><span class=\"h-svg-icon h-icon__icon style-1646-icon style-local-719-c18-icon\"><!--Icon by Font Awesome (https:\/\/fontawesome.com)-->\n    <svg version=\"1.1\" xmlns=\"http:\/\/www.w3.org\/2000\/svg\" xmlns:xlink=\"http:\/\/www.w3.org\/1999\/xlink\" id=\"phone-square\" viewBox=\"0 0 1536 1896.0833\">\n      <path d=\"M1280 1193q0-11-2-16t-18-16.5-40.5-25-47.5-26.5-45.5-25-28.5-15q-5-3-19-13t-25-15-21-5q-15 0-36.5 20.5t-39.5 45-38.5 45T885 1167q-7 0-16.5-3.5T853 1157t-17-9.5-14-8.5q-99-55-170-126.5T525 842q-2-3-8.5-14t-9.5-17-6.5-15.5T497 779q0-13 20.5-33.5t45-38.5 45-39.5T628 631q0-10-5-21t-15-25-13-19q-3-6-15-28.5T555 492t-26.5-47.5-25-40.5-16.5-18-16-2q-48 0-101 22-46 21-80 94.5T256 631q0 16 2.5 34t5 30.5 9 33 10 29.5 12.5 33 11 30q60 164 216.5 320.5T843 1358q6 2 30 11t33 12.5 29.5 10 33 9 30.5 5 34 2.5q57 0 130.5-34t94.5-80q22-53 22-101zm256-777v960q0 119-84.5 203.5T1248 1664H288q-119 0-203.5-84.5T0 1376V416q0-119 84.5-203.5T288 128h960q119 0 203.5 84.5T1536 416z\"><\/path>\n    <\/svg><\/span><\/div>\n                        <\/div>\n                      <\/div>\n                    <\/div>\n                    <div class=\"h-column h-column-container d-flex h-col-lg-auto h-col-md-auto h-col-auto style-1642-outer style-local-719-c19-outer\">\n                      <div data-colibri-id=\"719-c19\" class=\"d-flex h-flex-basis h-column__inner h-px-lg-0 h-px-md-0 h-px-0 v-inner-lg-0 v-inner-md-0 v-inner-0 style-1642 style-local-719-c19 position-relative\">\n                        <!---->\n                        <!---->\n                        <div class=\"w-100 h-y-container h-column__content h-column__v-align flex-basis-100 align-self-lg-center align-self-md-center align-self-center\">\n                          <!---->\n                          <div data-colibri-id=\"719-c20\" class=\"h-text h-text-component style-1644 style-local-719-c20 position-relative h-element\">\n                            <!---->\n                            <!---->\n                            <div class=\"\">\n                              <p><span style=\"font-weight: 400; font-size: 16px; font-family: &quot;Open Sans&quot;; color: rgb(23, 37, 42);\">0171-4087439<\/span><\/p>\n                            <\/div>\n                          <\/div>\n                        <\/div>\n                      <\/div>\n                    <\/div>\n                  <\/div>\n                <\/div>\n              <\/div>\n            <\/div>\n          <\/div>\n          <div class=\"h-column h-column-container d-flex h-col-lg-auto h-col-md-auto h-col-auto style-1488-outer style-local-719-c21-outer\">\n            <div data-colibri-id=\"719-c21\" class=\"d-flex h-flex-basis h-column__inner h-ui-empty-state-container h-px-lg-2 h-px-md-2 h-px-2 v-inner-lg-2 v-inner-md-2 v-inner-2 style-1488 style-local-719-c21 position-relative\">\n              <!---->\n              <!---->\n              <div class=\"w-100 h-y-container h-column__content h-column__v-align flex-basis-100\">\n                <!---->\n              <\/div>\n            <\/div>\n          <\/div>\n        <\/div>\n      <\/div>\n    <\/div>\n  <\/div>\n<\/div>","protected":false},"excerpt":{"rendered":"<p>Training in unserem Club Tennisschule Goran Gerdijan Training beim TC SW Kehl e.V. Unseren Mitgliedern steht mit der Tennisschule Goran Gerdijan eine gro\u00dfe Bandbreite an Trainingsgelegenheiten mit langj\u00e4hriger Erfahrung zur Verf\u00fcgung.&nbsp; Einzeltraining, Gruppentraining oder auch im Rahmen unserer beliebten Tenniscamps. Au\u00dferdem bieten wir Schnuppertrainings an.&nbsp; F\u00fcr unsere Talente im Jugendbereich bestehen zudem attraktive F\u00f6rderm\u00f6glichkeiten. Sie [&hellip;]<\/p>\n","protected":false},"author":1,"featured_media":0,"parent":0,"menu_order":0,"comment_status":"closed","ping_status":"closed","template":"page-templates\/full-width-page.php","meta":{"footnotes":""},"class_list":["post-719","page","type-page","status-publish","hentry"],"_links":{"self":[{"href":"https:\/\/tennisclub-kehl.de\/index.php?rest_route=\/wp\/v2\/pages\/719","targetHints":{"allow":["GET"]}}],"collection":[{"href":"https:\/\/tennisclub-kehl.de\/index.php?rest_route=\/wp\/v2\/pages"}],"about":[{"href":"https:\/\/tennisclub-kehl.de\/index.php?rest_route=\/wp\/v2\/types\/page"}],"author":[{"embeddable":true,"href":"https:\/\/tennisclub-kehl.de\/index.php?rest_route=\/wp\/v2\/users\/1"}],"replies":[{"embeddable":true,"href":"https:\/\/tennisclub-kehl.de\/index.php?rest_route=%2Fwp%2Fv2%2Fcomments&post=719"}],"version-history":[{"count":11,"href":"https:\/\/tennisclub-kehl.de\/index.php?rest_route=\/wp\/v2\/pages\/719\/revisions"}],"predecessor-version":[{"id":2917,"href":"https:\/\/tennisclub-kehl.de\/index.php?rest_route=\/wp\/v2\/pages\/719\/revisions\/2917"}],"wp:attachment":[{"href":"https:\/\/tennisclub-kehl.de\/index.php?rest_route=%2Fwp%2Fv2%2Fmedia&parent=719"}],"curies":[{"name":"wp","href":"https:\/\/api.w.org\/{rel}","templated":true}]}}