{"id":680,"date":"2020-11-10T16:58:43","date_gmt":"2020-11-10T16:58:43","guid":{"rendered":"https:\/\/tennisclub-kehl.de\/?page_id=680"},"modified":"2025-12-01T19:45:57","modified_gmt":"2025-12-01T17:45:57","slug":"tennis-halle","status":"publish","type":"page","link":"https:\/\/tennisclub-kehl.de\/?page_id=680","title":{"rendered":"Tennishalle"},"content":{"rendered":"<div data-colibri-id=\"680-c1\" class=\"style-1127 style-local-680-c1 position-relative\">\n  <!---->\n  <div data-colibri-component=\"section\" data-colibri-id=\"680-c2\" id=\"about\" class=\"h-section h-section-global-spacing d-flex align-items-lg-center align-items-md-center align-items-center style-1128 style-local-680-c2 position-relative\">\n    <!---->\n    <!---->\n    <div class=\"h-section-grid-container h-section-boxed-container\">\n      <!---->\n      <div data-colibri-id=\"680-c3\" class=\"h-row-container gutters-row-lg-0 gutters-row-md-0 gutters-row-0 gutters-row-v-lg-0 gutters-row-v-md-0 gutters-row-v-0 style-1129 style-local-680-c3 position-relative\">\n        <!---->\n        <div class=\"h-row justify-content-lg-center justify-content-md-center justify-content-center align-items-lg-stretch align-items-md-stretch align-items-stretch gutters-col-lg-0 gutters-col-md-0 gutters-col-0 gutters-col-v-lg-0 gutters-col-v-md-0 gutters-col-v-0\">\n          <!---->\n          <div class=\"h-column h-column-container d-flex h-col-lg-auto h-col-md-auto h-col-auto style-1130-outer style-local-680-c4-outer\">\n            <div data-colibri-id=\"680-c4\" class=\"d-flex h-flex-basis h-column__inner h-px-lg-2 h-px-md-2 h-px-2 v-inner-lg-2 v-inner-md-2 v-inner-2 style-1130 style-local-680-c4 position-relative\">\n              <!---->\n              <!---->\n              <div class=\"w-100 h-y-container h-column__content h-column__v-align flex-basis-100 align-self-lg-start align-self-md-start align-self-start\">\n                <!---->\n                <div data-colibri-id=\"680-c5\" class=\"h-global-transition-all h-heading style-1131 style-local-680-c5 position-relative h-element\">\n                  <!---->\n                  <div class=\"h-heading__outer style-1131 style-local-680-c5\">\n                    <!---->\n                    <!---->\n                    <h1 class=\"\">Unsere Tennishalle<\/h1>\n                  <\/div>\n                <\/div>\n              <\/div>\n            <\/div>\n          <\/div>\n        <\/div>\n      <\/div>\n      <div data-colibri-id=\"680-c6\" class=\"h-row-container gutters-row-lg-0 gutters-row-md-0 gutters-row-0 gutters-row-v-lg-0 gutters-row-v-md-0 gutters-row-v-0 style-1132 style-local-680-c6 position-relative\">\n        <!---->\n        <div class=\"h-row justify-content-lg-center justify-content-md-center justify-content-center align-items-lg-stretch align-items-md-stretch align-items-stretch gutters-col-lg-0 gutters-col-md-0 gutters-col-0 gutters-col-v-lg-0 gutters-col-v-md-0 gutters-col-v-0\">\n          <!---->\n          <div class=\"h-column h-column-container d-flex h-col-lg-auto h-col-md-auto h-col-auto style-1133-outer style-local-680-c7-outer\">\n            <div data-colibri-id=\"680-c7\" class=\"d-flex h-flex-basis h-column__inner h-px-lg-0 h-px-md-0 h-px-0 v-inner-lg-0 v-inner-md-0 v-inner-0 style-1133 style-local-680-c7 position-relative\">\n              <!---->\n              <!---->\n              <div class=\"w-100 h-y-container h-column__content h-column__v-align flex-basis-100 align-self-lg-end align-self-md-end align-self-end\">\n                <!---->\n                <div data-colibri-id=\"680-c8\" class=\"h-global-transition-all h-heading style-1134 style-local-680-c8 position-relative h-element\">\n                  <!---->\n                  <div class=\"h-heading__outer style-1134 style-local-680-c8\">\n                    <!---->\n                    <!---->\n                    <h5 class=\"\">Wichtiger Hinweis:<\/h5>\n                  <\/div>\n                <\/div>\n                <div data-colibri-id=\"680-c9\" class=\"h-text h-text-component style-1136 style-local-680-c9 position-relative h-element\">\n                  <!---->\n                  <!---->\n                  <div class=\"\">\n                    <p>Das Tragen von profillosen, sauberen Hallenschuhen\n                      <br>(keine Sandplatzschuhe) ist Pflicht!<\/p>\n                  <\/div>\n                <\/div>\n                <div data-colibri-id=\"680-c10\" class=\"h-row-container gutters-row-lg-2 gutters-row-md-2 gutters-row-0 gutters-row-v-lg-2 gutters-row-v-md-2 gutters-row-v-2 style-1139 style-local-680-c10 position-relative\">\n                  <!---->\n                  <div class=\"h-row justify-content-lg-center justify-content-md-center justify-content-center align-items-lg-stretch align-items-md-stretch align-items-stretch gutters-col-lg-2 gutters-col-md-2 gutters-col-0 gutters-col-v-lg-2 gutters-col-v-md-2 gutters-col-v-2\">\n                    <!---->\n                    <div class=\"h-column h-column-container d-flex h-col-lg-auto h-col-md-auto h-col-auto style-1140-outer style-local-680-c11-outer\">\n                      <div data-colibri-id=\"680-c11\" class=\"d-flex h-flex-basis h-column__inner h-px-lg-2 h-px-md-2 h-px-2 v-inner-lg-2 v-inner-md-2 v-inner-2 style-1140 style-local-680-c11 position-relative\">\n                        <!---->\n                        <!---->\n                        <div class=\"w-100 h-y-container h-column__content h-column__v-align flex-basis-100 align-self-lg-center align-self-md-center align-self-center\">\n                          <!---->\n                          <div data-colibri-id=\"680-c12\" class=\"h-global-transition-all h-heading style-1142 style-local-680-c12 position-relative h-element\">\n                            <!---->\n                            <div class=\"h-heading__outer style-1142 style-local-680-c12\">\n                              <!---->\n                              <!---->\n                              <h5 class=\"\">Link zum Hallen-Buchungssystem:<\/h5>\n                            <\/div>\n                          <\/div>\n                        <\/div>\n                      <\/div>\n                    <\/div>\n                    <div class=\"h-column h-column-container d-flex h-col-lg-auto h-col-md-auto h-col-auto style-1141-outer style-local-680-c13-outer\">\n                      <div data-colibri-id=\"680-c13\" class=\"d-flex h-flex-basis h-column__inner h-px-lg-2 h-px-md-2 h-px-2 v-inner-lg-2 v-inner-md-2 v-inner-2 style-1141 style-local-680-c13 position-relative\">\n                        <!---->\n                        <!---->\n                        <div class=\"w-100 h-y-container h-column__content h-column__v-align flex-basis-100 align-self-lg-start align-self-md-start align-self-start\">\n                          <!---->\n                          <div data-colibri-id=\"680-c14\" class=\"h-icon style-1144 style-local-680-c14 position-relative h-element\">\n                            <!---->\n                            <a href=\"https:\/\/tennis-kehl.app.platzbuchung.de\/\" target=\"_blank\" h-use-smooth-scroll=\"true\"><span class=\"h-svg-icon h-icon__icon style-1144-icon style-local-680-c14-icon\"><!--Icon by Font Awesome (https:\/\/fontawesome.com)-->\n    <svg version=\"1.1\" xmlns=\"http:\/\/www.w3.org\/2000\/svg\" xmlns:xlink=\"http:\/\/www.w3.org\/1999\/xlink\" id=\"home\" viewBox=\"0 0 1664 1896.0833\">\n      <path d=\"M1408 992v480q0 26-19 45t-45 19H960v-384H704v384H320q-26 0-45-19t-19-45V992q0-1 .5-3t.5-3l575-474 575 474q1 2 1 6zm223-69l-62 74q-8 9-21 11h-3q-13 0-21-7L832 424l-692 577q-12 8-24 7-13-2-21-11l-62-74q-8-10-7-23.5T37 878l719-599q32-26 76-26t76 26l244 204V288q0-14 9-23t23-9h192q14 0 23 9t9 23v408l219 182q10 8 11 21.5t-7 23.5z\"><\/path>\n    <\/svg><\/span><\/a>\n                          <\/div>\n                        <\/div>\n                      <\/div>\n                    <\/div>\n                  <\/div>\n                <\/div>\n                <div data-colibri-id=\"680-c15\" class=\"h-text h-text-component style-1145 style-local-680-c15 position-relative h-element\">\n                  <!---->\n                  <!---->\n                  <div class=\"\">\n                    <p>Tipp: F\u00fcgen Sie den Link des Hallen-Buchungssystems in Ihrem Smartphone den Favoriten hinzu. So haben Sie jederzeit schnellen Zugriff auf die Hallen-Buchung.<\/p>\n                  <\/div>\n                <\/div>\n              <\/div>\n            <\/div>\n          <\/div>\n          <div class=\"h-column h-column-container d-flex h-col-lg-auto h-col-md-auto h-col-auto style-1137-outer style-local-680-c16-outer\">\n            <div data-colibri-id=\"680-c16\" class=\"d-flex h-flex-basis h-column__inner h-ui-empty-state-container h-px-lg-2 h-px-md-2 h-px-2 v-inner-lg-2 v-inner-md-2 v-inner-2 style-1137 style-local-680-c16 position-relative\">\n              <!---->\n              <!---->\n              <div class=\"w-100 h-y-container h-column__content h-column__v-align flex-basis-100\">\n                <!---->\n              <\/div>\n            <\/div>\n          <\/div>\n        <\/div>\n      <\/div>\n      <div data-colibri-id=\"680-c17\" class=\"h-row-container gutters-row-lg-2 gutters-row-md-2 gutters-row-0 gutters-row-v-lg-2 gutters-row-v-md-2 gutters-row-v-2 style-1146 style-local-680-c17 position-relative\">\n        <!---->\n        <div class=\"h-row justify-content-lg-center justify-content-md-center justify-content-center align-items-lg-stretch align-items-md-stretch align-items-stretch gutters-col-lg-2 gutters-col-md-2 gutters-col-0 gutters-col-v-lg-2 gutters-col-v-md-2 gutters-col-v-2\">\n          <!---->\n          <div class=\"h-column h-column-container d-flex h-col-lg-auto h-col-md-auto h-col-auto style-1147-outer style-local-680-c18-outer\">\n            <div data-colibri-id=\"680-c18\" class=\"d-flex h-flex-basis h-column__inner h-px-lg-2 h-px-md-2 h-px-2 v-inner-lg-2 v-inner-md-2 v-inner-2 style-1147 style-local-680-c18 position-relative\">\n              <!---->\n              <!---->\n              <div class=\"w-100 h-y-container h-column__content h-column__v-align flex-basis-100 align-self-lg-start align-self-md-start align-self-start\">\n                <!---->\n                <div data-colibri-id=\"680-c19\" class=\"h-global-transition-all h-heading style-1148 style-local-680-c19 position-relative h-element\">\n                  <!---->\n                  <div class=\"h-heading__outer style-1148 style-local-680-c19\">\n                    <!---->\n                    <!---->\n                    <h2 class=\"\">weitere Informationen zur Tennishalle<\/h2>\n                  <\/div>\n                <\/div>\n                <div data-colibri-id=\"680-c20\" class=\"h-text h-text-component style-1155 style-local-680-c20 position-relative h-element\">\n                  <!---->\n                  <!---->\n                  <div class=\"\">\n                    <p><span style=\"font-weight: 400; font-size: 16px; font-family: &quot;Open Sans&quot;; color: rgb(23, 37, 42);\">Die Tennishalle verf\u00fcgt \u00fcber 2 Pl\u00e4tze und steht sowohl Mitgliedern als auch Nichtmitgliedern zur Verf\u00fcgung.<\/span><\/p>\n                  <\/div>\n                <\/div>\n                <div data-colibri-id=\"680-c21\" class=\"h-global-transition-all h-heading style-1156 style-local-680-c21 position-relative h-element\">\n                  <!---->\n                  <div class=\"h-heading__outer style-1156 style-local-680-c21\">\n                    <!---->\n                    <!---->\n                    <h4 class=\"\">Hallensaison<\/h4>\n                  <\/div>\n                <\/div>\n                <div data-colibri-id=\"680-c22\" class=\"h-text h-text-component style-1157 style-local-680-c22 position-relative h-element\">\n                  <!---->\n                  <!---->\n                  <div class=\"\">\n                    <p>Die Hallensaison startet in der Regel am 01. Oktober und endet am 30. April des Folgejahres. In den Monaten Oktober und April kann witterungsabh\u00e4ngig noch (Oktober) bzw. schon (April) auf den Au\u00dfenpl\u00e4tzen gespielt werden.&nbsp;<\/p>\n                  <\/div>\n                <\/div>\n                <div data-colibri-id=\"680-c23\" class=\"h-global-transition-all h-heading style-1158 style-local-680-c23 position-relative h-element\">\n                  <!---->\n                  <div class=\"h-heading__outer style-1158 style-local-680-c23\">\n                    <!---->\n                    <!---->\n                    <h4 class=\"\">Lichtmarken<\/h4>\n                  <\/div>\n                <\/div>\n                <div data-colibri-id=\"680-c24\" class=\"h-text h-text-component style-1159 style-local-680-c24 position-relative h-element\">\n                  <!---->\n                  <!---->\n                  <div class=\"\">\n                    <p>Lichtmarken sind erh\u00e4ltlich f\u00fcr 3,00\u20ac\/Std. bei:<\/p>\n                    <p><em>&#8211; Tennisschule Gerdijan (TC SW Kehl)<\/em><\/p>\n                    <p><em>&#8211; Restaurant &#8222;Pomodoro e Mozzarella&#8220; (Clubhaus TC SW Kehl)<\/em><\/p>\n                    <p><em style=\"color: rgb(23, 37, 42); font-family: &quot;Open Sans&quot;; font-size: 16px; font-weight: 400;\">&#8211; <\/em><em style=\"color: rgb(59, 63, 68); font-family: arial, helvetica, sans-serif; font-size: 16px; font-weight: 400;\">Buchhandlung Baumg\u00e4rtner (Hauptstr. 78)<\/em><\/p>\n                  <\/div>\n                <\/div>\n                <div data-colibri-id=\"680-c25\" class=\"h-global-transition-all h-heading style-1160 style-local-680-c25 position-relative h-element\">\n                  <!---->\n                  <div class=\"h-heading__outer style-1160 style-local-680-c25\">\n                    <!---->\n                    <!---->\n                    <h4 class=\"\">Hallengeb\u00fchren<\/h4>\n                  <\/div>\n                <\/div>\n                <div data-colibri-id=\"680-c26\" class=\"h-text h-text-component style-1161 style-local-680-c26 position-relative h-element\">\n                  <!---->\n                  <!---->\n                  <div class=\"\">\n                    <p>Aktuelle Hallenpreise f\u00fcr Einzelbuchungen k\u00f6nnen Sie auf der Seite des Hallenbuchungssystems einsehen. Der Standardpreis f\u00fcr eine Stunde betr\u00e4gt \u20ac 20, Mitglieder erhalten 10% Nachlass.<\/p>\n                    <p>Abo-Konditionen k\u00f6nnen \u00fcber unsere E-Mail-Adresse info@tennisclub-kehl.de erfragt werden.<\/p>\n                    <p>\n                      <br>\n                    <\/p>\n                    <p>\n                      <br>\n                    <\/p>\n                  <\/div>\n                <\/div>\n              <\/div>\n            <\/div>\n          <\/div>\n        <\/div>\n      <\/div>\n    <\/div>\n  <\/div>\n<\/div>","protected":false},"excerpt":{"rendered":"<p>Unsere Tennishalle Wichtiger Hinweis: Das Tragen von profillosen, sauberen Hallenschuhen (keine Sandplatzschuhe) ist Pflicht! Link zum Hallen-Buchungssystem: Tipp: F\u00fcgen Sie den Link des Hallen-Buchungssystems in Ihrem Smartphone den Favoriten hinzu. So haben Sie jederzeit schnellen Zugriff auf die Hallen-Buchung. weitere Informationen zur Tennishalle Die Tennishalle verf\u00fcgt \u00fcber 2 Pl\u00e4tze und steht sowohl Mitgliedern als auch [&hellip;]<\/p>\n","protected":false},"author":1,"featured_media":0,"parent":0,"menu_order":0,"comment_status":"closed","ping_status":"closed","template":"page-templates\/full-width-page.php","meta":{"footnotes":""},"class_list":["post-680","page","type-page","status-publish","hentry"],"_links":{"self":[{"href":"https:\/\/tennisclub-kehl.de\/index.php?rest_route=\/wp\/v2\/pages\/680","targetHints":{"allow":["GET"]}}],"collection":[{"href":"https:\/\/tennisclub-kehl.de\/index.php?rest_route=\/wp\/v2\/pages"}],"about":[{"href":"https:\/\/tennisclub-kehl.de\/index.php?rest_route=\/wp\/v2\/types\/page"}],"author":[{"embeddable":true,"href":"https:\/\/tennisclub-kehl.de\/index.php?rest_route=\/wp\/v2\/users\/1"}],"replies":[{"embeddable":true,"href":"https:\/\/tennisclub-kehl.de\/index.php?rest_route=%2Fwp%2Fv2%2Fcomments&post=680"}],"version-history":[{"count":12,"href":"https:\/\/tennisclub-kehl.de\/index.php?rest_route=\/wp\/v2\/pages\/680\/revisions"}],"predecessor-version":[{"id":3307,"href":"https:\/\/tennisclub-kehl.de\/index.php?rest_route=\/wp\/v2\/pages\/680\/revisions\/3307"}],"wp:attachment":[{"href":"https:\/\/tennisclub-kehl.de\/index.php?rest_route=%2Fwp%2Fv2%2Fmedia&parent=680"}],"curies":[{"name":"wp","href":"https:\/\/api.w.org\/{rel}","templated":true}]}}