{"id":655,"date":"2020-11-10T15:14:26","date_gmt":"2020-11-10T15:14:26","guid":{"rendered":"https:\/\/tennisclub-kehl.de\/?page_id=655"},"modified":"2020-12-14T14:39:40","modified_gmt":"2020-12-14T12:39:40","slug":"faq","status":"publish","type":"page","link":"https:\/\/tennisclub-kehl.de\/?page_id=655","title":{"rendered":"FAQ"},"content":{"rendered":"<div data-colibri-id=\"655-c1\" class=\"style-1061 style-local-655-c1 position-relative\">\n  <!---->\n  <div data-colibri-component=\"section\" data-colibri-id=\"655-c2\" id=\"about\" class=\"h-section h-section-global-spacing d-flex align-items-lg-center align-items-md-center align-items-center style-1062 style-local-655-c2 position-relative\">\n    <!---->\n    <!---->\n    <div class=\"h-section-grid-container h-section-boxed-container\">\n      <!---->\n      <div data-colibri-id=\"655-c3\" class=\"h-row-container gutters-row-lg-0 gutters-row-md-0 gutters-row-0 gutters-row-v-lg-0 gutters-row-v-md-0 gutters-row-v-0 style-1063 style-local-655-c3 position-relative\">\n        <!---->\n        <div class=\"h-row justify-content-lg-center justify-content-md-center justify-content-center align-items-lg-stretch align-items-md-stretch align-items-stretch gutters-col-lg-0 gutters-col-md-0 gutters-col-0 gutters-col-v-lg-0 gutters-col-v-md-0 gutters-col-v-0\">\n          <!---->\n          <div class=\"h-column h-column-container d-flex h-col-lg-auto h-col-md-auto h-col-auto style-1064-outer style-local-655-c4-outer\">\n            <div data-colibri-id=\"655-c4\" class=\"d-flex h-flex-basis h-column__inner h-px-lg-2 h-px-md-2 h-px-2 v-inner-lg-2 v-inner-md-2 v-inner-2 style-1064 style-local-655-c4 position-relative\">\n              <!---->\n              <!---->\n              <div class=\"w-100 h-y-container h-column__content h-column__v-align flex-basis-100 align-self-lg-start align-self-md-start align-self-start\">\n                <!---->\n                <div data-colibri-id=\"655-c5\" class=\"h-global-transition-all h-heading style-1065 style-local-655-c5 position-relative h-element\">\n                  <!---->\n                  <div class=\"h-heading__outer style-1065 style-local-655-c5\">\n                    <!---->\n                    <!---->\n                    <h1 class=\"\">FAQ &#8211; H\u00e4ufig gestellte Fragen<\/h1>\n                  <\/div>\n                <\/div>\n              <\/div>\n            <\/div>\n          <\/div>\n        <\/div>\n      <\/div>\n      <div data-colibri-id=\"655-c6\" class=\"h-row-container gutters-row-lg-2 gutters-row-md-2 gutters-row-0 gutters-row-v-lg-2 gutters-row-v-md-2 gutters-row-v-2 style-1075 style-local-655-c6 position-relative\">\n        <!---->\n        <div class=\"h-row justify-content-lg-center justify-content-md-center justify-content-center align-items-lg-stretch align-items-md-stretch align-items-stretch gutters-col-lg-2 gutters-col-md-2 gutters-col-0 gutters-col-v-lg-2 gutters-col-v-md-2 gutters-col-v-2\">\n          <!---->\n          <div class=\"h-column h-column-container d-flex h-col-lg-auto h-col-md-auto h-col-auto style-1076-outer style-local-655-c7-outer\">\n            <div data-colibri-id=\"655-c7\" class=\"d-flex h-flex-basis h-column__inner h-px-lg-2 h-px-md-2 h-px-2 v-inner-lg-2 v-inner-md-2 v-inner-2 style-1076 style-local-655-c7 position-relative\">\n              <!---->\n              <!---->\n              <div class=\"w-100 h-y-container h-column__content h-column__v-align flex-basis-100 align-self-lg-start align-self-md-start align-self-start\">\n                <!---->\n                <div data-colibri-id=\"655-c8\" class=\"h-global-transition-all h-heading style-1077 style-local-655-c8 position-relative h-element\">\n                  <!---->\n                  <div class=\"h-heading__outer style-1077 style-local-655-c8\">\n                    <!---->\n                    <!---->\n                    <h3 class=\"\">Wie sind die Pl\u00e4tze zu pflegen?<\/h3>\n                  <\/div>\n                <\/div>\n                <div data-colibri-id=\"655-c9\" class=\"h-text h-text-component style-1078 style-local-655-c9 position-relative h-element\">\n                  <!---->\n                  <!---->\n                  <div class=\"\">\n                    <p>Nutzung:<\/p>\n                    <p>Unseren Mitgliedern stehen w\u00e4hrend der Sommersaison 9 Sandpl\u00e4tze unbeschr\u00e4nkt, bei gro\u00dfem Spieleraufkommen f\u00fcr max. 1 Stunde, zur Verf\u00fcgung. Die Spieler\/innen tragen sich vor Beginn ihrer Matches in die Spielliste ein. Diese liegt\n                      auf der Terrasse des Vereinsrestaurants aus und ist frei zug\u00e4nglich.<\/p>\n                    <p>Neu: Bei schlechtem Wetter k\u00f6nnen die Hallenpl\u00e4tze auch im Sommer \u00fcber das Hallenbuchungssystem gebucht werden.<\/p>\n                    <p>Folgende REGELN sind einzuhalten:<\/p>\n                    <p>VOR dem Spiel:\n                      <br>&#8211; Platz nur mit Sandplatzschuhen bespielen\n                      <br>&#8211; Den Platz mit dem Schlauch oder der Bew\u00e4sserungsanlage ausgiebig bew\u00e4ssern\n                      <br>&#8211; Bei gr\u00f6\u00dferer Trockenheit auch in den Spielpausen<\/p>\n                    <p>NACH dem Spiel:\n                      <br>&#8211; Platz nochmals bew\u00e4ssern\n                      <br>&#8211; Platz abziehen\n                      <br>&#8211; Abziehnetze ordnungsgem\u00e4\u00df wieder aufh\u00e4ngen\n                      <br>&#8211; Alle Linien abfegen\n                      <br>&#8211; Sonnenschirme zuklappen und in die Schutzrohre schieben<\/p>\n                    <p>Bei Nichteinhaltung dieser Platzregeln beh\u00e4lt sich der Verein einen Platzverweis vor.<\/p>\n                    <p>Wir bedanken uns f\u00fcr Eure Mithilfe und w\u00fcnschen eine erfolgreiche und sch\u00f6ne Tennissaison.<\/p>\n                  <\/div>\n                <\/div>\n                <div data-colibri-id=\"655-c10\" class=\"h-global-transition-all h-heading style-1079 style-local-655-c10 position-relative h-element\">\n                  <!---->\n                  <div class=\"h-heading__outer style-1079 style-local-655-c10\">\n                    <!---->\n                    <!---->\n                    <h3 class=\"\">Kann ich als Gast spielen?<\/h3>\n                  <\/div>\n                <\/div>\n                <div data-colibri-id=\"655-c11\" class=\"h-text h-text-component style-1080 style-local-655-c11 position-relative h-element\">\n                  <!---->\n                  <!---->\n                  <div class=\"\">\n                    <p>Wer ist Gastspieler?\n                      <br>Dies sind alle Personen, die nicht in Kehl (Stadtgebiet, Sundheim, Wolfsgrube, Kronenhof, &#8230;) wohnhaft sind, d. h. hier keinen Erst- oder Zweitwohnsitz gemeldet haben. F\u00fcr z. B. in Kehl Studierende bieten wird gesonderte Mitgliedsbeitr\u00e4ge\n                      an.&nbsp;<\/p>\n                    <p>Platzbelegung:\n                      <br>Bitte trage Dich in die ausgelegte Spielliste mit folgenden Angaben ein&#8230;\n                      <br>&#8211; Name, Vorname (Vermerk: Gast)\n                      <br>&#8211; Name, Vorname des Spielpartners (Vermerk: Gast)\n                      <br>&#8211; Spielbeginn \/ Ende\n                      <br>&#8211; Unterschrift\n                      <br>(Bei starker Platzfrequentierung ist maximal eine Stunde Spielzeit m\u00f6glich!)<\/p>\n                    <p>Bekleidung \/ Schuhe:\n                      <br>Es sind nur geeignete Sandplatzschuhe erlaubt. Damit jeder Spieler w\u00e4hrend der Saison einen optimalen Platz vorfindet. Das Spielen mit Stra\u00dfenschuhen, Fu\u00dfballschuhen oder Schuhen mit grobem Profil ist nicht gestattet.&nbsp;Die Bekleidung\n                      steht jedem Spieler frei. Wir empfehlen jedoch Sportkleidung zu tragen.&nbsp;<\/p>\n                    <p>Platzpflege:\n                      <br>1. Vor dem Spiel bitte den Platz mit dem Schlauch bew\u00e4ssern.&nbsp;\n                      <br>2. Nach dem Spiel bitte den Platz abziehen und Linien fegen.&nbsp;\n                      <br>3. Dann wieder den Platz mit dem Schlauch bew\u00e4ssern.\n                      <br>Die notwendigen Hilfsmittel sind an jedem Platz bereitgestellt.&nbsp;<\/p>\n                    <p>Geb\u00fchren:\n                      <br>Abrechnungszeitraum: 60 Min\n                      <br>Sommer Au\u00dfenplatz: 16,00\u20ac\n                      <br>Sommer Hallenplatz: 20,00\u20ac\n                      <br>Winter Hallenplatz: 20,00\u20ac\n                      <br>Lichtmarken sind erh\u00e4ltlich f\u00fcr 3,00\u20ac\/Stunde bei Intersport Hahn (Hauptstra\u00dfe 52, Kehl) oder dem Wirt des Restaurants Da Tony&#8217;s..<\/p>\n                  <\/div>\n                <\/div>\n              <\/div>\n            <\/div>\n          <\/div>\n        <\/div>\n      <\/div>\n    <\/div>\n  <\/div>\n<\/div>","protected":false},"excerpt":{"rendered":"<p>FAQ &#8211; H\u00e4ufig gestellte Fragen Wie sind die Pl\u00e4tze zu pflegen? Nutzung: Unseren Mitgliedern stehen w\u00e4hrend der Sommersaison 9 Sandpl\u00e4tze unbeschr\u00e4nkt, bei gro\u00dfem Spieleraufkommen f\u00fcr max. 1 Stunde, zur Verf\u00fcgung. Die Spieler\/innen tragen sich vor Beginn ihrer Matches in die Spielliste ein. Diese liegt auf der Terrasse des Vereinsrestaurants aus und ist frei zug\u00e4nglich. Neu: [&hellip;]<\/p>\n","protected":false},"author":1,"featured_media":0,"parent":436,"menu_order":0,"comment_status":"closed","ping_status":"closed","template":"page-templates\/full-width-page.php","meta":{"footnotes":""},"class_list":["post-655","page","type-page","status-publish","hentry"],"_links":{"self":[{"href":"https:\/\/tennisclub-kehl.de\/index.php?rest_route=\/wp\/v2\/pages\/655","targetHints":{"allow":["GET"]}}],"collection":[{"href":"https:\/\/tennisclub-kehl.de\/index.php?rest_route=\/wp\/v2\/pages"}],"about":[{"href":"https:\/\/tennisclub-kehl.de\/index.php?rest_route=\/wp\/v2\/types\/page"}],"author":[{"embeddable":true,"href":"https:\/\/tennisclub-kehl.de\/index.php?rest_route=\/wp\/v2\/users\/1"}],"replies":[{"embeddable":true,"href":"https:\/\/tennisclub-kehl.de\/index.php?rest_route=%2Fwp%2Fv2%2Fcomments&post=655"}],"version-history":[{"count":5,"href":"https:\/\/tennisclub-kehl.de\/index.php?rest_route=\/wp\/v2\/pages\/655\/revisions"}],"predecessor-version":[{"id":1675,"href":"https:\/\/tennisclub-kehl.de\/index.php?rest_route=\/wp\/v2\/pages\/655\/revisions\/1675"}],"up":[{"embeddable":true,"href":"https:\/\/tennisclub-kehl.de\/index.php?rest_route=\/wp\/v2\/pages\/436"}],"wp:attachment":[{"href":"https:\/\/tennisclub-kehl.de\/index.php?rest_route=%2Fwp%2Fv2%2Fmedia&parent=655"}],"curies":[{"name":"wp","href":"https:\/\/api.w.org\/{rel}","templated":true}]}}