{"id":151,"date":"2020-11-09T18:41:16","date_gmt":"2020-11-09T18:41:16","guid":{"rendered":"https:\/\/tennisclub-kehl.de\/?page_id=151"},"modified":"2024-05-10T08:55:10","modified_gmt":"2024-05-10T06:55:10","slug":"der-club","status":"publish","type":"page","link":"https:\/\/tennisclub-kehl.de\/?page_id=151","title":{"rendered":"Club"},"content":{"rendered":"<div data-colibri-id=\"151-c1\" class=\"style-432 style-local-151-c1 position-relative\">\r\n  <!---->\r\n  <div data-colibri-component=\"section\" data-colibri-id=\"151-c2\" id=\"about\" class=\"h-section h-section-global-spacing d-flex align-items-lg-center align-items-md-center align-items-center style-433 style-local-151-c2 position-relative\">\r\n    <!---->\r\n    <!---->\r\n    <div class=\"h-section-grid-container h-section-boxed-container\">\r\n      <!---->\r\n      <div data-colibri-id=\"151-c3\" class=\"h-row-container gutters-row-lg-0 gutters-row-md-0 gutters-row-0 gutters-row-v-lg-0 gutters-row-v-md-0 gutters-row-v-0 style-434 style-local-151-c3 position-relative\">\r\n        <!---->\r\n        <div class=\"h-row justify-content-lg-center justify-content-md-center justify-content-center align-items-lg-stretch align-items-md-stretch align-items-stretch gutters-col-lg-0 gutters-col-md-0 gutters-col-0 gutters-col-v-lg-0 gutters-col-v-md-0 gutters-col-v-0\">\r\n          <!---->\r\n          <div class=\"h-column h-column-container d-flex h-col-lg-auto h-col-md-auto h-col-auto style-435-outer style-local-151-c4-outer\">\r\n            <div data-colibri-id=\"151-c4\" class=\"d-flex h-flex-basis h-column__inner h-px-lg-2 h-px-md-2 h-px-2 v-inner-lg-2 v-inner-md-2 v-inner-2 style-435 style-local-151-c4 position-relative\">\r\n              <!---->\r\n              <!---->\r\n              <div class=\"w-100 h-y-container h-column__content h-column__v-align flex-basis-100 align-self-lg-start align-self-md-start align-self-start\">\r\n                <!---->\r\n                <div data-colibri-id=\"151-c5\" class=\"h-global-transition-all h-heading style-436 style-local-151-c5 position-relative h-element\">\r\n                  <!---->\r\n                  <div class=\"h-heading__outer style-436 style-local-151-c5\">\r\n                    <!---->\r\n                    <!---->\r\n                    <h1 class=\"\">Club-Informationen<\/h1>\r\n                  <\/div>\r\n                <\/div>\r\n              <\/div>\r\n            <\/div>\r\n          <\/div>\r\n        <\/div>\r\n      <\/div>\r\n      <div data-colibri-id=\"151-c6\" class=\"h-row-container gutters-row-lg-0 gutters-row-md-0 gutters-row-0 gutters-row-v-lg-0 gutters-row-v-md-0 gutters-row-v-0 style-437 style-local-151-c6 position-relative\">\r\n        <!---->\r\n        <div class=\"h-row justify-content-lg-center justify-content-md-center justify-content-center align-items-lg-stretch align-items-md-stretch align-items-stretch gutters-col-lg-0 gutters-col-md-0 gutters-col-0 gutters-col-v-lg-0 gutters-col-v-md-0 gutters-col-v-0\">\r\n          <!---->\r\n          <div class=\"h-column h-column-container d-flex h-col-lg-auto h-col-md-auto h-col-auto style-438-outer style-local-151-c7-outer\">\r\n            <div data-colibri-id=\"151-c7\" class=\"d-flex h-flex-basis h-column__inner h-px-lg-0 h-px-md-0 h-px-0 v-inner-lg-0 v-inner-md-0 v-inner-0 style-438 style-local-151-c7 position-relative\">\r\n              <!---->\r\n              <!---->\r\n              <div class=\"w-100 h-y-container h-column__content h-column__v-align flex-basis-100 align-self-lg-start align-self-md-start align-self-start\">\r\n                <!---->\r\n                <div data-colibri-id=\"151-c8\" class=\"h-global-transition-all h-heading style-439 style-local-151-c8 position-relative h-element\">\r\n                  <!---->\r\n                  <div class=\"h-heading__outer style-439 style-local-151-c8\">\r\n                    <!---->\r\n                    <!---->\r\n                    <h5 class=\"\">\u00dcber uns<\/h5>\r\n                  <\/div>\r\n                <\/div>\r\n                <div data-colibri-id=\"151-c9\" class=\"h-global-transition-all h-heading style-440 style-local-151-c9 position-relative h-element\">\r\n                  <!---->\r\n                  <div class=\"h-heading__outer style-440 style-local-151-c9\">\r\n                    <!---->\r\n                    <!---->\r\n                    <h2 class=\"\">TC SW Kehl e.V.<\/h2>\r\n                  <\/div>\r\n                <\/div>\r\n                <div data-colibri-id=\"151-c10\" class=\"h-text h-text-component style-441 style-local-151-c10 position-relative h-element\">\r\n                  <!---->\r\n                  <!---->\r\n                  <div class=\"\">\r\n                    <p>Der im Jahre 1921 gegr\u00fcndete Tennisclub Schwarz-Weiss Kehl e.V. ist mit seinen \u00fcber ca. 400 Mitgliedern, davon ca. 140 Kinder und Jugendliche, einer der gr\u00f6\u00dften und renommiertesten Tennisclubs in der Region.<\/p>\r\n                    <p>Die Vereinsanlage bietet mit 9 Sandpl\u00e4tzen und 2 Hallenpl\u00e4tzen vielerlei M\u00f6glichkeiten, dem Tennissport zu fr\u00f6nen.<\/p>\r\n                    <p>F\u00fcr das leibliche Wohl sorgt, nicht nur nach dem Spiel, unsere \u00f6ffentliche Gastronomie.<\/p>\r\n                  <\/div>\r\n                <\/div>\r\n                <div data-colibri-id=\"151-c11\" class=\"h-global-transition-all h-heading style-1243 style-local-151-c11 position-relative h-element\">\r\n                  <!---->\r\n                  <div class=\"h-heading__outer style-1243 style-local-151-c11\">\r\n                    <!---->\r\n                    <!---->\r\n                    <h4 class=\"\">Unsere Kontaktdaten<\/h4>\r\n                  <\/div>\r\n                <\/div>\r\n                <div data-colibri-id=\"151-c12\" class=\"h-text h-text-component style-1242 style-local-151-c12 position-relative h-element\">\r\n                  <!---->\r\n                  <!---->\r\n                  <div class=\"\">\r\n                    <p>Tennisclub SW Kehl e.V.\r\n                      <br>Schwimmbadstra\u00dfe 6\r\n                      <br>77694 Kehl<\/p>\r\n                    <p>Tel: 07851-4252\r\n                      <br>E-Mail: info@tennisclub-kehl.de&nbsp;<\/p>\r\n                  <\/div>\r\n                <\/div>\r\n                <div data-colibri-id=\"151-c13\" class=\"h-text h-text-component style-1244 style-local-151-c13 position-relative h-element\">\r\n                  <!---->\r\n                  <!---->\r\n                  <div class=\"\">\r\n                    <p>Bildquelle: Google Earth, GeoBasis-DE\/BKG&nbsp;<span style=\"font-weight: 400; font-size: 13px; font-family: &quot;Open Sans&quot;; color: rgb(23, 37, 42);\">(\u00a92009)<\/span><\/p>\r\n                  <\/div>\r\n                <\/div>\r\n              <\/div>\r\n            <\/div>\r\n          <\/div>\r\n          <div class=\"h-column h-column-container d-flex h-col-lg-auto h-col-md-auto h-col-auto style-442-outer style-local-151-c14-outer\">\r\n            <div data-colibri-id=\"151-c14\" class=\"d-flex h-flex-basis h-column__inner h-ui-empty-state-container h-px-lg-2 h-px-md-2 h-px-2 v-inner-lg-2 v-inner-md-2 v-inner-2 style-442 style-local-151-c14 position-relative\">\r\n              <!---->\r\n              <!---->\r\n              <div class=\"w-100 h-y-container h-column__content h-column__v-align flex-basis-100\">\r\n                <!---->\r\n              <\/div>\r\n            <\/div>\r\n          <\/div>\r\n        <\/div>\r\n      <\/div>\r\n    <\/div>\r\n  <\/div>\r\n<\/div>","protected":false},"excerpt":{"rendered":"<p>Club-Informationen \u00dcber uns TC SW Kehl e.V. Der im Jahre 1921 gegr\u00fcndete Tennisclub Schwarz-Weiss Kehl e.V. ist mit seinen \u00fcber ca. 400 Mitgliedern, davon ca. 140 Kinder und Jugendliche, einer der gr\u00f6\u00dften und renommiertesten Tennisclubs in der Region. Die Vereinsanlage bietet mit 9 Sandpl\u00e4tzen und 2 Hallenpl\u00e4tzen vielerlei M\u00f6glichkeiten, dem Tennissport zu fr\u00f6nen. F\u00fcr das [&hellip;]<\/p>\n","protected":false},"author":1,"featured_media":0,"parent":0,"menu_order":0,"comment_status":"closed","ping_status":"closed","template":"page-templates\/full-width-page.php","meta":{"footnotes":""},"class_list":["post-151","page","type-page","status-publish","hentry"],"_links":{"self":[{"href":"https:\/\/tennisclub-kehl.de\/index.php?rest_route=\/wp\/v2\/pages\/151","targetHints":{"allow":["GET"]}}],"collection":[{"href":"https:\/\/tennisclub-kehl.de\/index.php?rest_route=\/wp\/v2\/pages"}],"about":[{"href":"https:\/\/tennisclub-kehl.de\/index.php?rest_route=\/wp\/v2\/types\/page"}],"author":[{"embeddable":true,"href":"https:\/\/tennisclub-kehl.de\/index.php?rest_route=\/wp\/v2\/users\/1"}],"replies":[{"embeddable":true,"href":"https:\/\/tennisclub-kehl.de\/index.php?rest_route=%2Fwp%2Fv2%2Fcomments&post=151"}],"version-history":[{"count":12,"href":"https:\/\/tennisclub-kehl.de\/index.php?rest_route=\/wp\/v2\/pages\/151\/revisions"}],"predecessor-version":[{"id":1610,"href":"https:\/\/tennisclub-kehl.de\/index.php?rest_route=\/wp\/v2\/pages\/151\/revisions\/1610"}],"wp:attachment":[{"href":"https:\/\/tennisclub-kehl.de\/index.php?rest_route=%2Fwp%2Fv2%2Fmedia&parent=151"}],"curies":[{"name":"wp","href":"https:\/\/api.w.org\/{rel}","templated":true}]}}